{"id":66,"date":"2021-12-19T12:18:41","date_gmt":"2021-12-19T10:18:41","guid":{"rendered":"https:\/\/alojamientosruralesjucar.com\/?page_id=66"},"modified":"2022-03-06T00:23:07","modified_gmt":"2022-03-05T22:23:07","slug":"casa-la-gila-1","status":"publish","type":"page","link":"https:\/\/alojamientosruralesjucar.com\/index.php\/casa-la-gila-1\/","title":{"rendered":"Casa La Gila 1"},"content":{"rendered":"\n<p>Nuestras casas son de alquiler \u00edntegro. Se pueden alquilar de forma individual o de forma conjunta para grupos, ya que las dos tienen su acceso por el mismo patio.<\/p>\n\n\n\n<p>Disponen de calefacci\u00f3n en todas las habitaciones, ropa de cama, aire acondicionado y chimenea en el sal\u00f3n, televisi\u00f3n, DVD, cocina equipada con frigor\u00edfico, microondas, encimera, horno, y menaje completo.<\/p>\n\n\n\n<p>En el patio hay barbacoas y mobiliario de exterior para cada casa.<\/p>\n\n\n\n<p>La le\u00f1a est\u00e1 incluida en el precio.<br> <\/p>\n\n\n<style type=\"text\/css\" scoped>\r\n.ape-gallery-loading {\r\n  \ttext-align: center;\r\n\twidth: 100%;\r\n\tmargin: 0;\r\n\tpadding: 0;\r\n\tmargin-bottom: -25px;\r\n    position: relative;\r\n    z-index: 2;\r\n}\r\n.ape-gallery-loading-bar {\r\n  display: inline-block;\r\n  width: 4px;\r\n  height: 18px;\r\n  border-radius: 4px;\r\n  animation:  ape-gallery-loading 1s ease-in-out infinite;\r\n}\r\n.ape-gallery-loading-bar:nth-child(1) {\r\n  background-color: #3498db;\r\n  animation-delay: 0;\r\n}\r\n.ape-gallery-loading-bar:nth-child(2) {\r\n  background-color: #c0392b;\r\n  animation-delay: 0.09s;\r\n}\r\n.ape-gallery-loading-bar:nth-child(3) {\r\n  background-color: #f1c40f;\r\n  animation-delay: .18s;\r\n}\r\n.ape-gallery-loading-bar:nth-child(4) {\r\n  background-color: #27ae60;\r\n  animation-delay: .27s;\r\n}\r\n@keyframes ape-gallery-loading{\r\n  0%{ transform: scale(1); }\r\n  20%{ transform: scale(1, 2.2); }\r\n  40%{ transform: scale(1); }\r\n}\t\t<\/style><div id=\"loader_wpape_slider_169\" class=\"ape-gallery-loading\"><div class=\"ape-gallery-loading-bar\"><\/div><div class=\"ape-gallery-loading-bar\"><\/div><div class=\"ape-gallery-loading-bar\"><\/div><div class=\"ape-gallery-loading-bar\"><\/div><\/div><div id=\"wpape_slider_6a0073ba59126\" style=\"display: none;height:80vh;\" class=\"wpape-slider-container swiper-container\" ><div id=\"wpape_slider_169\" data-options=\"wpape_slider_169\" class=\"wpape-slider-wpape_slider_169 swiper-wrapper\"><div class=\"swiper-slide \" style=\"background-image:url(https:\/\/alojamientosruralesjucar.com\/wp-content\/uploads\/2022\/01\/Aseo-1-1-ok-768x576.jpg)\"><div class=\"swiper-slide-desc\">Aseo-1-1-ok<\/div><\/div><div class=\"swiper-slide \" style=\"background-image:url(https:\/\/alojamientosruralesjucar.com\/wp-content\/uploads\/2022\/01\/Aseo-2-1-ok-768x576.jpg)\"><div class=\"swiper-slide-desc\">Aseo-2-1-ok<\/div><\/div><div class=\"swiper-slide \" style=\"background-image:url(https:\/\/alojamientosruralesjucar.com\/wp-content\/uploads\/2022\/01\/Cocina-1-ok-768x576.jpg)\"><div class=\"swiper-slide-desc\">Cocina-1-ok<\/div><\/div><div class=\"swiper-slide \" style=\"background-image:url(https:\/\/alojamientosruralesjucar.com\/wp-content\/uploads\/2022\/01\/Habitacion-1-1-ok-768x576.jpg)\"><div class=\"swiper-slide-desc\">Habitacion-1-1-ok<\/div><\/div><div class=\"swiper-slide \" style=\"background-image:url(https:\/\/alojamientosruralesjucar.com\/wp-content\/uploads\/2022\/01\/Habitacion-1-2-ok-768x576.jpg)\"><div class=\"swiper-slide-desc\">Habitacion-1-2-ok<\/div><\/div><div class=\"swiper-slide \" style=\"background-image:url(https:\/\/alojamientosruralesjucar.com\/wp-content\/uploads\/2022\/01\/salon-panoramica-768x199.jpg)\"><div class=\"swiper-slide-desc\">salon panoramica<\/div><\/div><\/div><div class=\"swiper-button-prev\"><\/div><div class=\"swiper-button-next\"><\/div><div class=\"swiper-scrollbar\"><\/div><div class=\"swiper-pagination\"><\/div><\/div><script>var wpape_slider_6a0073ba59126 = {\"autoplay\": {\"delay\":3000,\"disableOnInteraction\":false}, \"loop\": true, \"centeredSlides\": true, \"navigation\": {\"nextEl\":\".swiper-button-next\",\"prevEl\":\".swiper-button-prev\"}, \"scrollbar\": {\"el\":\".swiper-scrollbar\",\"draggable\":true}, \"pagination\": {\"el\":\".swiper-pagination\",\"type\":\"bullets\",\"clickable\":true,\"dynamicBullets\":false}, \"direction\": \"horizontal\", \"effect\": \"slide\", \"preloadImages\": true, \"updateOnImagesReady\": true};<\/script>\n\n\n<div style=\"height:100px\" aria-hidden=\"true\" class=\"wp-block-spacer\"><\/div>\n\n\n\n<figure class=\"wp-block-image size-large\"><img fetchpriority=\"high\" width=\"1024\" height=\"265\" src=\"https:\/\/nueva.alojamientosruralesjucar.com\/wp-content\/uploads\/2021\/12\/salon-panoramica-1-1024x265.jpg\" alt=\"\" class=\"wp-image-105\" srcset=\"https:\/\/alojamientosruralesjucar.com\/wp-content\/uploads\/2021\/12\/salon-panoramica-1-1024x265.jpg 1024w, https:\/\/alojamientosruralesjucar.com\/wp-content\/uploads\/2021\/12\/salon-panoramica-1-300x78.jpg 300w, https:\/\/alojamientosruralesjucar.com\/wp-content\/uploads\/2021\/12\/salon-panoramica-1-768x199.jpg 768w, https:\/\/alojamientosruralesjucar.com\/wp-content\/uploads\/2021\/12\/salon-panoramica-1-1536x397.jpg 1536w, https:\/\/alojamientosruralesjucar.com\/wp-content\/uploads\/2021\/12\/salon-panoramica-1-2048x530.jpg 2048w, https:\/\/alojamientosruralesjucar.com\/wp-content\/uploads\/2021\/12\/salon-panoramica-1-1140x295.jpg 1140w\" sizes=\"(max-width: 1024px) 100vw, 1024px\" \/><\/figure>\n\n\n\n<div class=\"wp-container-9 wp-block-columns\">\n<div class=\"wp-container-8 wp-block-column\" style=\"flex-basis:100%\">\n<div class=\"wp-container-7 wp-block-group\"><div class=\"wp-block-group__inner-container\">\n<div class=\"wp-container-6 wp-block-columns\">\n<div class=\"wp-container-5 wp-block-column\" style=\"flex-basis:100%\">\n<div class=\"wp-container-4 wp-block-group\"><div class=\"wp-block-group__inner-container\">\n<div class=\"wp-container-3 wp-block-group\"><div class=\"wp-block-group__inner-container\">\n<figure class=\"wp-container-2 wp-block-gallery-1 wp-block-gallery columns-3 is-cropped\"><ul class=\"blocks-gallery-grid\"><li class=\"blocks-gallery-item\"><figure><img width=\"1024\" height=\"768\" src=\"https:\/\/nueva.alojamientosruralesjucar.com\/wp-content\/uploads\/2021\/12\/Aseo-2-1-ok-1024x768.jpg\" alt=\"\" data-id=\"72\" data-link=\"https:\/\/nueva.alojamientosruralesjucar.com\/?attachment_id=72\" class=\"wp-image-72\" srcset=\"https:\/\/alojamientosruralesjucar.com\/wp-content\/uploads\/2021\/12\/Aseo-2-1-ok-1024x768.jpg 1024w, https:\/\/alojamientosruralesjucar.com\/wp-content\/uploads\/2021\/12\/Aseo-2-1-ok-300x225.jpg 300w, https:\/\/alojamientosruralesjucar.com\/wp-content\/uploads\/2021\/12\/Aseo-2-1-ok-768x576.jpg 768w, https:\/\/alojamientosruralesjucar.com\/wp-content\/uploads\/2021\/12\/Aseo-2-1-ok-1536x1152.jpg 1536w, https:\/\/alojamientosruralesjucar.com\/wp-content\/uploads\/2021\/12\/Aseo-2-1-ok-1140x855.jpg 1140w, https:\/\/alojamientosruralesjucar.com\/wp-content\/uploads\/2021\/12\/Aseo-2-1-ok.jpg 1920w\" sizes=\"(max-width: 1024px) 100vw, 1024px\" \/><figcaption class=\"blocks-gallery-item__caption\">Ba\u00f1o 2<\/figcaption><\/figure><\/li><li class=\"blocks-gallery-item\"><figure><img width=\"1024\" height=\"768\" src=\"https:\/\/nueva.alojamientosruralesjucar.com\/wp-content\/uploads\/2021\/12\/Aseo-1-1-ok-1024x768.jpg\" alt=\"\" data-id=\"71\" data-link=\"https:\/\/nueva.alojamientosruralesjucar.com\/?attachment_id=71\" class=\"wp-image-71\" srcset=\"https:\/\/alojamientosruralesjucar.com\/wp-content\/uploads\/2021\/12\/Aseo-1-1-ok-1024x768.jpg 1024w, https:\/\/alojamientosruralesjucar.com\/wp-content\/uploads\/2021\/12\/Aseo-1-1-ok-300x225.jpg 300w, https:\/\/alojamientosruralesjucar.com\/wp-content\/uploads\/2021\/12\/Aseo-1-1-ok-768x576.jpg 768w, https:\/\/alojamientosruralesjucar.com\/wp-content\/uploads\/2021\/12\/Aseo-1-1-ok-1536x1152.jpg 1536w, https:\/\/alojamientosruralesjucar.com\/wp-content\/uploads\/2021\/12\/Aseo-1-1-ok-1140x855.jpg 1140w, https:\/\/alojamientosruralesjucar.com\/wp-content\/uploads\/2021\/12\/Aseo-1-1-ok.jpg 1920w\" sizes=\"(max-width: 1024px) 100vw, 1024px\" \/><figcaption class=\"blocks-gallery-item__caption\">Ba\u00f1o 1<\/figcaption><\/figure><\/li><li class=\"blocks-gallery-item\"><figure><img loading=\"lazy\" width=\"1024\" height=\"768\" src=\"https:\/\/nueva.alojamientosruralesjucar.com\/wp-content\/uploads\/2021\/12\/Cocina-1-ok-1-1024x768.jpg\" alt=\"\" data-id=\"107\" data-full-url=\"https:\/\/nueva.alojamientosruralesjucar.com\/wp-content\/uploads\/2021\/12\/Cocina-1-ok-1.jpg\" data-link=\"https:\/\/nueva.alojamientosruralesjucar.com\/index.php\/casa-la-gila-1\/cocina-1-ok-1\/\" class=\"wp-image-107\" srcset=\"https:\/\/alojamientosruralesjucar.com\/wp-content\/uploads\/2021\/12\/Cocina-1-ok-1-1024x768.jpg 1024w, https:\/\/alojamientosruralesjucar.com\/wp-content\/uploads\/2021\/12\/Cocina-1-ok-1-300x225.jpg 300w, https:\/\/alojamientosruralesjucar.com\/wp-content\/uploads\/2021\/12\/Cocina-1-ok-1-768x576.jpg 768w, https:\/\/alojamientosruralesjucar.com\/wp-content\/uploads\/2021\/12\/Cocina-1-ok-1-1536x1152.jpg 1536w, https:\/\/alojamientosruralesjucar.com\/wp-content\/uploads\/2021\/12\/Cocina-1-ok-1-1140x855.jpg 1140w, https:\/\/alojamientosruralesjucar.com\/wp-content\/uploads\/2021\/12\/Cocina-1-ok-1.jpg 1920w\" sizes=\"(max-width: 1024px) 100vw, 1024px\" \/><\/figure><\/li><li class=\"blocks-gallery-item\"><figure><img loading=\"lazy\" width=\"1024\" height=\"768\" src=\"https:\/\/nueva.alojamientosruralesjucar.com\/wp-content\/uploads\/2021\/12\/Habitacion-1-2-ok-1024x768.jpg\" alt=\"\" data-id=\"69\" data-link=\"https:\/\/nueva.alojamientosruralesjucar.com\/?attachment_id=69\" class=\"wp-image-69\" srcset=\"https:\/\/alojamientosruralesjucar.com\/wp-content\/uploads\/2021\/12\/Habitacion-1-2-ok-1024x768.jpg 1024w, https:\/\/alojamientosruralesjucar.com\/wp-content\/uploads\/2021\/12\/Habitacion-1-2-ok-300x225.jpg 300w, https:\/\/alojamientosruralesjucar.com\/wp-content\/uploads\/2021\/12\/Habitacion-1-2-ok-768x576.jpg 768w, https:\/\/alojamientosruralesjucar.com\/wp-content\/uploads\/2021\/12\/Habitacion-1-2-ok-1536x1152.jpg 1536w, https:\/\/alojamientosruralesjucar.com\/wp-content\/uploads\/2021\/12\/Habitacion-1-2-ok-1140x855.jpg 1140w, https:\/\/alojamientosruralesjucar.com\/wp-content\/uploads\/2021\/12\/Habitacion-1-2-ok.jpg 1920w\" sizes=\"(max-width: 1024px) 100vw, 1024px\" \/><figcaption class=\"blocks-gallery-item__caption\">Dormitorio 2<\/figcaption><\/figure><\/li><li class=\"blocks-gallery-item\"><figure><img loading=\"lazy\" width=\"1024\" height=\"768\" src=\"https:\/\/nueva.alojamientosruralesjucar.com\/wp-content\/uploads\/2021\/12\/Habitacion-1-1-ok-1-1024x768.jpg\" alt=\"\" data-id=\"106\" data-link=\"https:\/\/nueva.alojamientosruralesjucar.com\/index.php\/casa-la-gila-1\/habitacion-1-1-ok-1\/\" class=\"wp-image-106\" srcset=\"https:\/\/alojamientosruralesjucar.com\/wp-content\/uploads\/2021\/12\/Habitacion-1-1-ok-1-1024x768.jpg 1024w, https:\/\/alojamientosruralesjucar.com\/wp-content\/uploads\/2021\/12\/Habitacion-1-1-ok-1-300x225.jpg 300w, https:\/\/alojamientosruralesjucar.com\/wp-content\/uploads\/2021\/12\/Habitacion-1-1-ok-1-768x576.jpg 768w, https:\/\/alojamientosruralesjucar.com\/wp-content\/uploads\/2021\/12\/Habitacion-1-1-ok-1-1536x1152.jpg 1536w, https:\/\/alojamientosruralesjucar.com\/wp-content\/uploads\/2021\/12\/Habitacion-1-1-ok-1-1140x855.jpg 1140w, https:\/\/alojamientosruralesjucar.com\/wp-content\/uploads\/2021\/12\/Habitacion-1-1-ok-1.jpg 1920w\" sizes=\"(max-width: 1024px) 100vw, 1024px\" \/><figcaption class=\"blocks-gallery-item__caption\">Dormitorio 1<\/figcaption><\/figure><\/li><\/ul><\/figure>\n<\/div><\/div>\n<\/div><\/div>\n<\/div>\n<\/div>\n<\/div><\/div>\n<\/div>\n<\/div>\n","protected":false},"excerpt":{"rendered":"<p>Nuestras casas son de alquiler \u00edntegro. Se pueden alquilar de forma individual o de forma conjunta para grupos, ya que las dos tienen su acceso por el mismo patio. Disponen de calefacci\u00f3n en todas las habitaciones, ropa de cama, aire acondicionado y chimenea en el sal\u00f3n, televisi\u00f3n, DVD, cocina equipada con frigor\u00edfico, microondas, encimera, horno, y menaje completo. En el patio hay barbacoas y mobiliario de exterior para cada casa. La le\u00f1a est\u00e1 incluida en el precio.<\/p>\n","protected":false},"author":2,"featured_media":0,"parent":0,"menu_order":0,"comment_status":"closed","ping_status":"closed","template":"","meta":[],"yoast_head":"<!-- This site is optimized with the Yoast SEO plugin v20.6 - https:\/\/yoast.com\/wordpress\/plugins\/seo\/ -->\n<title>Casa La Gila 1 - Alojamientos Rurales Jucar<\/title>\n<meta name=\"robots\" content=\"index, follow, max-snippet:-1, max-image-preview:large, max-video-preview:-1\" \/>\n<link rel=\"canonical\" href=\"https:\/\/alojamientosruralesjucar.com\/index.php\/casa-la-gila-1\/\" \/>\n<meta property=\"og:locale\" content=\"es_ES\" \/>\n<meta property=\"og:type\" content=\"article\" \/>\n<meta property=\"og:title\" content=\"Casa La Gila 1 - Alojamientos Rurales Jucar\" \/>\n<meta property=\"og:description\" content=\"Nuestras casas son de alquiler \u00edntegro. Se pueden alquilar de forma individual o de forma conjunta para grupos, ya que las dos tienen su acceso por el mismo patio. Disponen de calefacci\u00f3n en todas las habitaciones, ropa de cama, aire acondicionado y chimenea en el sal\u00f3n, televisi\u00f3n, DVD, cocina equipada con frigor\u00edfico, microondas, encimera, horno, y menaje completo. En el patio hay barbacoas y mobiliario de exterior para cada casa. La le\u00f1a est\u00e1 incluida en el precio.\" \/>\n<meta property=\"og:url\" content=\"https:\/\/alojamientosruralesjucar.com\/index.php\/casa-la-gila-1\/\" \/>\n<meta property=\"og:site_name\" content=\"Alojamientos Rurales Jucar\" \/>\n<meta property=\"article:modified_time\" content=\"2022-03-05T22:23:07+00:00\" \/>\n<meta property=\"og:image\" content=\"https:\/\/nueva.alojamientosruralesjucar.com\/wp-content\/uploads\/2021\/12\/salon-panoramica-1-1024x265.jpg\" \/>\n<meta name=\"twitter:card\" content=\"summary_large_image\" \/>\n<meta name=\"twitter:label1\" content=\"Tiempo de lectura\" \/>\n\t<meta name=\"twitter:data1\" content=\"2 minutos\" \/>\n<script type=\"application\/ld+json\" class=\"yoast-schema-graph\">{\"@context\":\"https:\/\/schema.org\",\"@graph\":[{\"@type\":\"WebPage\",\"@id\":\"https:\/\/alojamientosruralesjucar.com\/index.php\/casa-la-gila-1\/\",\"url\":\"https:\/\/alojamientosruralesjucar.com\/index.php\/casa-la-gila-1\/\",\"name\":\"Casa La Gila 1 - Alojamientos Rurales Jucar\",\"isPartOf\":{\"@id\":\"https:\/\/alojamientosruralesjucar.com\/#website\"},\"datePublished\":\"2021-12-19T10:18:41+00:00\",\"dateModified\":\"2022-03-05T22:23:07+00:00\",\"breadcrumb\":{\"@id\":\"https:\/\/alojamientosruralesjucar.com\/index.php\/casa-la-gila-1\/#breadcrumb\"},\"inLanguage\":\"es\",\"potentialAction\":[{\"@type\":\"ReadAction\",\"target\":[\"https:\/\/alojamientosruralesjucar.com\/index.php\/casa-la-gila-1\/\"]}]},{\"@type\":\"BreadcrumbList\",\"@id\":\"https:\/\/alojamientosruralesjucar.com\/index.php\/casa-la-gila-1\/#breadcrumb\",\"itemListElement\":[{\"@type\":\"ListItem\",\"position\":1,\"name\":\"Portada\",\"item\":\"https:\/\/alojamientosruralesjucar.com\/\"},{\"@type\":\"ListItem\",\"position\":2,\"name\":\"Casa La Gila 1\"}]},{\"@type\":\"WebSite\",\"@id\":\"https:\/\/alojamientosruralesjucar.com\/#website\",\"url\":\"https:\/\/alojamientosruralesjucar.com\/\",\"name\":\"Alojamientos Rurales Jucar\",\"description\":\"Casas rurales en Alcal\u00e1 del J\u00facar\",\"publisher\":{\"@id\":\"https:\/\/alojamientosruralesjucar.com\/#organization\"},\"potentialAction\":[{\"@type\":\"SearchAction\",\"target\":{\"@type\":\"EntryPoint\",\"urlTemplate\":\"https:\/\/alojamientosruralesjucar.com\/?s={search_term_string}\"},\"query-input\":\"required name=search_term_string\"}],\"inLanguage\":\"es\"},{\"@type\":\"Organization\",\"@id\":\"https:\/\/alojamientosruralesjucar.com\/#organization\",\"name\":\"Alojamientos Rurales Jucar\",\"url\":\"https:\/\/alojamientosruralesjucar.com\/\",\"logo\":{\"@type\":\"ImageObject\",\"inLanguage\":\"es\",\"@id\":\"https:\/\/alojamientosruralesjucar.com\/#\/schema\/logo\/image\/\",\"url\":\"https:\/\/alojamientosruralesjucar.com\/wp-content\/uploads\/2021\/11\/cropped-logo-cabecera.png\",\"contentUrl\":\"https:\/\/alojamientosruralesjucar.com\/wp-content\/uploads\/2021\/11\/cropped-logo-cabecera.png\",\"width\":800,\"height\":235,\"caption\":\"Alojamientos Rurales Jucar\"},\"image\":{\"@id\":\"https:\/\/alojamientosruralesjucar.com\/#\/schema\/logo\/image\/\"}}]}<\/script>\n<!-- \/ Yoast SEO plugin. -->","yoast_head_json":{"title":"Casa La Gila 1 - Alojamientos Rurales Jucar","robots":{"index":"index","follow":"follow","max-snippet":"max-snippet:-1","max-image-preview":"max-image-preview:large","max-video-preview":"max-video-preview:-1"},"canonical":"https:\/\/alojamientosruralesjucar.com\/index.php\/casa-la-gila-1\/","og_locale":"es_ES","og_type":"article","og_title":"Casa La Gila 1 - Alojamientos Rurales Jucar","og_description":"Nuestras casas son de alquiler \u00edntegro. Se pueden alquilar de forma individual o de forma conjunta para grupos, ya que las dos tienen su acceso por el mismo patio. Disponen de calefacci\u00f3n en todas las habitaciones, ropa de cama, aire acondicionado y chimenea en el sal\u00f3n, televisi\u00f3n, DVD, cocina equipada con frigor\u00edfico, microondas, encimera, horno, y menaje completo. En el patio hay barbacoas y mobiliario de exterior para cada casa. La le\u00f1a est\u00e1 incluida en el precio.","og_url":"https:\/\/alojamientosruralesjucar.com\/index.php\/casa-la-gila-1\/","og_site_name":"Alojamientos Rurales Jucar","article_modified_time":"2022-03-05T22:23:07+00:00","og_image":[{"url":"https:\/\/nueva.alojamientosruralesjucar.com\/wp-content\/uploads\/2021\/12\/salon-panoramica-1-1024x265.jpg"}],"twitter_card":"summary_large_image","twitter_misc":{"Tiempo de lectura":"2 minutos"},"schema":{"@context":"https:\/\/schema.org","@graph":[{"@type":"WebPage","@id":"https:\/\/alojamientosruralesjucar.com\/index.php\/casa-la-gila-1\/","url":"https:\/\/alojamientosruralesjucar.com\/index.php\/casa-la-gila-1\/","name":"Casa La Gila 1 - Alojamientos Rurales Jucar","isPartOf":{"@id":"https:\/\/alojamientosruralesjucar.com\/#website"},"datePublished":"2021-12-19T10:18:41+00:00","dateModified":"2022-03-05T22:23:07+00:00","breadcrumb":{"@id":"https:\/\/alojamientosruralesjucar.com\/index.php\/casa-la-gila-1\/#breadcrumb"},"inLanguage":"es","potentialAction":[{"@type":"ReadAction","target":["https:\/\/alojamientosruralesjucar.com\/index.php\/casa-la-gila-1\/"]}]},{"@type":"BreadcrumbList","@id":"https:\/\/alojamientosruralesjucar.com\/index.php\/casa-la-gila-1\/#breadcrumb","itemListElement":[{"@type":"ListItem","position":1,"name":"Portada","item":"https:\/\/alojamientosruralesjucar.com\/"},{"@type":"ListItem","position":2,"name":"Casa La Gila 1"}]},{"@type":"WebSite","@id":"https:\/\/alojamientosruralesjucar.com\/#website","url":"https:\/\/alojamientosruralesjucar.com\/","name":"Alojamientos Rurales Jucar","description":"Casas rurales en Alcal\u00e1 del J\u00facar","publisher":{"@id":"https:\/\/alojamientosruralesjucar.com\/#organization"},"potentialAction":[{"@type":"SearchAction","target":{"@type":"EntryPoint","urlTemplate":"https:\/\/alojamientosruralesjucar.com\/?s={search_term_string}"},"query-input":"required name=search_term_string"}],"inLanguage":"es"},{"@type":"Organization","@id":"https:\/\/alojamientosruralesjucar.com\/#organization","name":"Alojamientos Rurales Jucar","url":"https:\/\/alojamientosruralesjucar.com\/","logo":{"@type":"ImageObject","inLanguage":"es","@id":"https:\/\/alojamientosruralesjucar.com\/#\/schema\/logo\/image\/","url":"https:\/\/alojamientosruralesjucar.com\/wp-content\/uploads\/2021\/11\/cropped-logo-cabecera.png","contentUrl":"https:\/\/alojamientosruralesjucar.com\/wp-content\/uploads\/2021\/11\/cropped-logo-cabecera.png","width":800,"height":235,"caption":"Alojamientos Rurales Jucar"},"image":{"@id":"https:\/\/alojamientosruralesjucar.com\/#\/schema\/logo\/image\/"}}]}},"_links":{"self":[{"href":"https:\/\/alojamientosruralesjucar.com\/index.php\/wp-json\/wp\/v2\/pages\/66"}],"collection":[{"href":"https:\/\/alojamientosruralesjucar.com\/index.php\/wp-json\/wp\/v2\/pages"}],"about":[{"href":"https:\/\/alojamientosruralesjucar.com\/index.php\/wp-json\/wp\/v2\/types\/page"}],"author":[{"embeddable":true,"href":"https:\/\/alojamientosruralesjucar.com\/index.php\/wp-json\/wp\/v2\/users\/2"}],"replies":[{"embeddable":true,"href":"https:\/\/alojamientosruralesjucar.com\/index.php\/wp-json\/wp\/v2\/comments?post=66"}],"version-history":[{"count":12,"href":"https:\/\/alojamientosruralesjucar.com\/index.php\/wp-json\/wp\/v2\/pages\/66\/revisions"}],"predecessor-version":[{"id":189,"href":"https:\/\/alojamientosruralesjucar.com\/index.php\/wp-json\/wp\/v2\/pages\/66\/revisions\/189"}],"wp:attachment":[{"href":"https:\/\/alojamientosruralesjucar.com\/index.php\/wp-json\/wp\/v2\/media?parent=66"}],"curies":[{"name":"wp","href":"https:\/\/api.w.org\/{rel}","templated":true}]}}