{"id":36,"date":"2021-11-28T12:56:14","date_gmt":"2021-11-28T10:56:14","guid":{"rendered":"https:\/\/alojamientosruralesjucar.com\/?page_id=36"},"modified":"2022-07-05T12:36:59","modified_gmt":"2022-07-05T11:36:59","slug":"contacto","status":"publish","type":"page","link":"https:\/\/alojamientosruralesjucar.com\/index.php\/contacto\/","title":{"rendered":"Contacto"},"content":{"rendered":"\n<h2 class=\"has-text-align-center\">\u00bfEn qu\u00e9 podemos ayudarte?<\/h2>\n\n\n\n<br>\n<br>\n\n\n\n<div class=\"wp-container-3 wp-block-columns\">\n<div class=\"wp-container-1 wp-block-column\">\n<ul><li><strong>Contacta con nosotros por correo electr\u00f3nico, m\u00f3vil, WhatsApp, lo m\u00e1s c\u00f3modo para t\u00ed, y te atenderemos enseguida.<\/strong><\/li><\/ul>\n\n\n\n<ul><li>Email: <a href=\"mailto:reservas@alojamientosruralesjucar.com\" target=\"_blank\" rel=\"noreferrer noopener nofollow\">reservas@alojamientosruralesjucar.com<\/a><\/li><li>M\u00f3vil: 661 90 28 90  Fijo: 967 47 40 62<\/li><\/ul>\n\n\n\n<br>\n<br>\n\n\n\n<div class=\"wp-block-image is-style-rounded\"><figure class=\"aligncenter size-large\"><img fetchpriority=\"high\" width=\"1024\" height=\"705\" src=\"https:\/\/alojamientosruralesjucar.com\/wp-content\/uploads\/2021\/11\/Gila-Aerea-ok-1024x705.jpg\" alt=\"\" class=\"wp-image-37\" srcset=\"https:\/\/alojamientosruralesjucar.com\/wp-content\/uploads\/2021\/11\/Gila-Aerea-ok-1024x705.jpg 1024w, https:\/\/alojamientosruralesjucar.com\/wp-content\/uploads\/2021\/11\/Gila-Aerea-ok-300x207.jpg 300w, https:\/\/alojamientosruralesjucar.com\/wp-content\/uploads\/2021\/11\/Gila-Aerea-ok-768x529.jpg 768w, https:\/\/alojamientosruralesjucar.com\/wp-content\/uploads\/2021\/11\/Gila-Aerea-ok-1536x1057.jpg 1536w, https:\/\/alojamientosruralesjucar.com\/wp-content\/uploads\/2021\/11\/Gila-Aerea-ok-1140x785.jpg 1140w, https:\/\/alojamientosruralesjucar.com\/wp-content\/uploads\/2021\/11\/Gila-Aerea-ok.jpg 1569w\" sizes=\"(max-width: 1024px) 100vw, 1024px\" \/><figcaption>La Gila desde el aire.<\/figcaption><\/figure><\/div>\n<\/div>\n\n\n\n<div class=\"wp-container-2 wp-block-column\">\n<p><strong>Tambi\u00e9n puedes escribirnos por aqu\u00ed:<\/strong><\/p>\n\n\n\n<br>\n<br>\n\n\n\n<p><\/p>\n\n\n\n<div class=\"wp-block-contact-form-7-contact-form-selector\">\n<div class=\"wpcf7 no-js\" id=\"wpcf7-f324-o1\" lang=\"es-ES\" dir=\"ltr\">\n<div class=\"screen-reader-response\"><p role=\"status\" aria-live=\"polite\" aria-atomic=\"true\"><\/p> <ul><\/ul><\/div>\n<form action=\"\/index.php\/wp-json\/wp\/v2\/pages\/36#wpcf7-f324-o1\" method=\"post\" class=\"wpcf7-form init\" aria-label=\"Formulario de contacto\" novalidate=\"novalidate\" data-status=\"init\">\n<div style=\"display: none;\">\n<input type=\"hidden\" name=\"_wpcf7\" value=\"324\" \/>\n<input type=\"hidden\" name=\"_wpcf7_version\" value=\"5.7.7\" \/>\n<input type=\"hidden\" name=\"_wpcf7_locale\" value=\"es_ES\" \/>\n<input type=\"hidden\" name=\"_wpcf7_unit_tag\" value=\"wpcf7-f324-o1\" \/>\n<input type=\"hidden\" name=\"_wpcf7_container_post\" value=\"0\" \/>\n<input type=\"hidden\" name=\"_wpcf7_posted_data_hash\" value=\"\" \/>\n<input type=\"hidden\" name=\"_wpcf7_recaptcha_response\" value=\"\" \/>\n<\/div>\n<p><label>Nombre y Apellidos:<br \/>\n<span class=\"wpcf7-form-control-wrap\" data-name=\"your-name\"><input size=\"40\" class=\"wpcf7-form-control wpcf7-text wpcf7-validates-as-required\" aria-required=\"true\" aria-invalid=\"false\" value=\"\" type=\"text\" name=\"your-name\" \/><\/span> <\/label><br \/>\n<label>Correo electr\u00f3nico:<br \/>\n<span class=\"wpcf7-form-control-wrap\" data-name=\"your-email\"><input size=\"40\" class=\"wpcf7-form-control wpcf7-text wpcf7-email wpcf7-validates-as-required wpcf7-validates-as-email\" aria-required=\"true\" aria-invalid=\"false\" value=\"\" type=\"email\" name=\"your-email\" \/><\/span> <\/label><br \/>\n<label>Tel\u00e9fono m\u00f3vil:<br \/>\n<span class=\"wpcf7-form-control-wrap\" data-name=\"tel-29\"><input size=\"40\" class=\"wpcf7-form-control wpcf7-text wpcf7-tel wpcf7-validates-as-required wpcf7-validates-as-tel\" aria-required=\"true\" aria-invalid=\"false\" value=\"\" type=\"tel\" name=\"tel-29\" \/><\/span><\/label><br \/>\n<label>Plazas: <span class=\"wpcf7-form-control-wrap\" data-name=\"number-429\"><input class=\"wpcf7-form-control wpcf7-number wpcf7-validates-as-number\" min=\"2\" max=\"14\" aria-invalid=\"false\" value=\"\" type=\"number\" name=\"number-429\" \/><\/span><\/label><br \/>\n<label>Fecha Entrada: <span class=\"wpcf7-form-control-wrap\" data-name=\"date-85\"><input class=\"wpcf7-form-control wpcf7-date wpcf7-validates-as-date\" aria-invalid=\"false\" value=\"\" type=\"date\" name=\"date-85\" \/><\/span><\/label><br \/>\n<label>Fecha Salida: <span class=\"wpcf7-form-control-wrap\" data-name=\"date-86\"><input class=\"wpcf7-form-control wpcf7-date wpcf7-validates-as-date\" aria-invalid=\"false\" value=\"\" type=\"date\" name=\"date-86\" \/><\/span> <\/label>\n<\/p>\n<p><label>Com\u00e9ntanos si necesitas algo m\u00e1s:<br \/>\n<span class=\"wpcf7-form-control-wrap\" data-name=\"your-message\"><textarea cols=\"40\" rows=\"10\" class=\"wpcf7-form-control wpcf7-textarea\" aria-invalid=\"false\" name=\"your-message\"><\/textarea><\/span> <\/label>\n<\/p>\n<p><input class=\"wpcf7-form-control has-spinner wpcf7-submit\" type=\"submit\" value=\"Enviar\" \/>\n<\/p>\n<div class=\"wpcf7-response-output\" aria-hidden=\"true\"><\/div>\n<\/form>\n<\/div>\n<\/div>\n<\/div>\n<\/div>\n\n\n\n<p><\/p>\n\n\n\n<p><\/p>\n","protected":false},"excerpt":{"rendered":"<p>\u00bfEn qu\u00e9 podemos ayudarte? Contacta con nosotros por correo electr\u00f3nico, m\u00f3vil, WhatsApp, lo m\u00e1s c\u00f3modo para t\u00ed, y te atenderemos enseguida. Email: reservas@alojamientosruralesjucar.com M\u00f3vil: 661 90 28 90 Fijo: 967 47 40 62 Tambi\u00e9n puedes escribirnos por aqu\u00ed:<\/p>\n","protected":false},"author":2,"featured_media":0,"parent":0,"menu_order":0,"comment_status":"closed","ping_status":"closed","template":"","meta":[],"yoast_head":"<!-- This site is optimized with the Yoast SEO plugin v20.6 - https:\/\/yoast.com\/wordpress\/plugins\/seo\/ -->\n<title>Contacto - Alojamientos Rurales Jucar<\/title>\n<meta name=\"robots\" content=\"index, follow, max-snippet:-1, max-image-preview:large, max-video-preview:-1\" \/>\n<link rel=\"canonical\" href=\"https:\/\/alojamientosruralesjucar.com\/index.php\/contacto\/\" \/>\n<meta property=\"og:locale\" content=\"es_ES\" \/>\n<meta property=\"og:type\" content=\"article\" \/>\n<meta property=\"og:title\" content=\"Contacto - Alojamientos Rurales Jucar\" \/>\n<meta property=\"og:description\" content=\"\u00bfEn qu\u00e9 podemos ayudarte? Contacta con nosotros por correo electr\u00f3nico, m\u00f3vil, WhatsApp, lo m\u00e1s c\u00f3modo para t\u00ed, y te atenderemos enseguida. Email: reservas@alojamientosruralesjucar.com M\u00f3vil: 661 90 28 90 Fijo: 967 47 40 62 Tambi\u00e9n puedes escribirnos por aqu\u00ed:\" \/>\n<meta property=\"og:url\" content=\"https:\/\/alojamientosruralesjucar.com\/index.php\/contacto\/\" \/>\n<meta property=\"og:site_name\" content=\"Alojamientos Rurales Jucar\" \/>\n<meta property=\"article:modified_time\" content=\"2022-07-05T11:36:59+00:00\" \/>\n<meta property=\"og:image\" content=\"https:\/\/alojamientosruralesjucar.com\/wp-content\/uploads\/2021\/11\/Gila-Aerea-ok-1024x705.jpg\" \/>\n<meta name=\"twitter:card\" content=\"summary_large_image\" \/>\n<meta name=\"twitter:label1\" content=\"Tiempo de lectura\" \/>\n\t<meta name=\"twitter:data1\" content=\"1 minuto\" \/>\n<script type=\"application\/ld+json\" class=\"yoast-schema-graph\">{\"@context\":\"https:\/\/schema.org\",\"@graph\":[{\"@type\":\"WebPage\",\"@id\":\"https:\/\/alojamientosruralesjucar.com\/index.php\/contacto\/\",\"url\":\"https:\/\/alojamientosruralesjucar.com\/index.php\/contacto\/\",\"name\":\"Contacto - Alojamientos Rurales Jucar\",\"isPartOf\":{\"@id\":\"https:\/\/alojamientosruralesjucar.com\/#website\"},\"datePublished\":\"2021-11-28T10:56:14+00:00\",\"dateModified\":\"2022-07-05T11:36:59+00:00\",\"breadcrumb\":{\"@id\":\"https:\/\/alojamientosruralesjucar.com\/index.php\/contacto\/#breadcrumb\"},\"inLanguage\":\"es\",\"potentialAction\":[{\"@type\":\"ReadAction\",\"target\":[\"https:\/\/alojamientosruralesjucar.com\/index.php\/contacto\/\"]}]},{\"@type\":\"BreadcrumbList\",\"@id\":\"https:\/\/alojamientosruralesjucar.com\/index.php\/contacto\/#breadcrumb\",\"itemListElement\":[{\"@type\":\"ListItem\",\"position\":1,\"name\":\"Portada\",\"item\":\"https:\/\/alojamientosruralesjucar.com\/\"},{\"@type\":\"ListItem\",\"position\":2,\"name\":\"Contacto\"}]},{\"@type\":\"WebSite\",\"@id\":\"https:\/\/alojamientosruralesjucar.com\/#website\",\"url\":\"https:\/\/alojamientosruralesjucar.com\/\",\"name\":\"Alojamientos Rurales Jucar\",\"description\":\"Casas rurales en Alcal\u00e1 del J\u00facar\",\"publisher\":{\"@id\":\"https:\/\/alojamientosruralesjucar.com\/#organization\"},\"potentialAction\":[{\"@type\":\"SearchAction\",\"target\":{\"@type\":\"EntryPoint\",\"urlTemplate\":\"https:\/\/alojamientosruralesjucar.com\/?s={search_term_string}\"},\"query-input\":\"required name=search_term_string\"}],\"inLanguage\":\"es\"},{\"@type\":\"Organization\",\"@id\":\"https:\/\/alojamientosruralesjucar.com\/#organization\",\"name\":\"Alojamientos Rurales Jucar\",\"url\":\"https:\/\/alojamientosruralesjucar.com\/\",\"logo\":{\"@type\":\"ImageObject\",\"inLanguage\":\"es\",\"@id\":\"https:\/\/alojamientosruralesjucar.com\/#\/schema\/logo\/image\/\",\"url\":\"https:\/\/alojamientosruralesjucar.com\/wp-content\/uploads\/2021\/11\/cropped-logo-cabecera.png\",\"contentUrl\":\"https:\/\/alojamientosruralesjucar.com\/wp-content\/uploads\/2021\/11\/cropped-logo-cabecera.png\",\"width\":800,\"height\":235,\"caption\":\"Alojamientos Rurales Jucar\"},\"image\":{\"@id\":\"https:\/\/alojamientosruralesjucar.com\/#\/schema\/logo\/image\/\"}}]}<\/script>\n<!-- \/ Yoast SEO plugin. -->","yoast_head_json":{"title":"Contacto - Alojamientos Rurales Jucar","robots":{"index":"index","follow":"follow","max-snippet":"max-snippet:-1","max-image-preview":"max-image-preview:large","max-video-preview":"max-video-preview:-1"},"canonical":"https:\/\/alojamientosruralesjucar.com\/index.php\/contacto\/","og_locale":"es_ES","og_type":"article","og_title":"Contacto - Alojamientos Rurales Jucar","og_description":"\u00bfEn qu\u00e9 podemos ayudarte? Contacta con nosotros por correo electr\u00f3nico, m\u00f3vil, WhatsApp, lo m\u00e1s c\u00f3modo para t\u00ed, y te atenderemos enseguida. Email: reservas@alojamientosruralesjucar.com M\u00f3vil: 661 90 28 90 Fijo: 967 47 40 62 Tambi\u00e9n puedes escribirnos por aqu\u00ed:","og_url":"https:\/\/alojamientosruralesjucar.com\/index.php\/contacto\/","og_site_name":"Alojamientos Rurales Jucar","article_modified_time":"2022-07-05T11:36:59+00:00","og_image":[{"url":"https:\/\/alojamientosruralesjucar.com\/wp-content\/uploads\/2021\/11\/Gila-Aerea-ok-1024x705.jpg"}],"twitter_card":"summary_large_image","twitter_misc":{"Tiempo de lectura":"1 minuto"},"schema":{"@context":"https:\/\/schema.org","@graph":[{"@type":"WebPage","@id":"https:\/\/alojamientosruralesjucar.com\/index.php\/contacto\/","url":"https:\/\/alojamientosruralesjucar.com\/index.php\/contacto\/","name":"Contacto - Alojamientos Rurales Jucar","isPartOf":{"@id":"https:\/\/alojamientosruralesjucar.com\/#website"},"datePublished":"2021-11-28T10:56:14+00:00","dateModified":"2022-07-05T11:36:59+00:00","breadcrumb":{"@id":"https:\/\/alojamientosruralesjucar.com\/index.php\/contacto\/#breadcrumb"},"inLanguage":"es","potentialAction":[{"@type":"ReadAction","target":["https:\/\/alojamientosruralesjucar.com\/index.php\/contacto\/"]}]},{"@type":"BreadcrumbList","@id":"https:\/\/alojamientosruralesjucar.com\/index.php\/contacto\/#breadcrumb","itemListElement":[{"@type":"ListItem","position":1,"name":"Portada","item":"https:\/\/alojamientosruralesjucar.com\/"},{"@type":"ListItem","position":2,"name":"Contacto"}]},{"@type":"WebSite","@id":"https:\/\/alojamientosruralesjucar.com\/#website","url":"https:\/\/alojamientosruralesjucar.com\/","name":"Alojamientos Rurales Jucar","description":"Casas rurales en Alcal\u00e1 del J\u00facar","publisher":{"@id":"https:\/\/alojamientosruralesjucar.com\/#organization"},"potentialAction":[{"@type":"SearchAction","target":{"@type":"EntryPoint","urlTemplate":"https:\/\/alojamientosruralesjucar.com\/?s={search_term_string}"},"query-input":"required name=search_term_string"}],"inLanguage":"es"},{"@type":"Organization","@id":"https:\/\/alojamientosruralesjucar.com\/#organization","name":"Alojamientos Rurales Jucar","url":"https:\/\/alojamientosruralesjucar.com\/","logo":{"@type":"ImageObject","inLanguage":"es","@id":"https:\/\/alojamientosruralesjucar.com\/#\/schema\/logo\/image\/","url":"https:\/\/alojamientosruralesjucar.com\/wp-content\/uploads\/2021\/11\/cropped-logo-cabecera.png","contentUrl":"https:\/\/alojamientosruralesjucar.com\/wp-content\/uploads\/2021\/11\/cropped-logo-cabecera.png","width":800,"height":235,"caption":"Alojamientos Rurales Jucar"},"image":{"@id":"https:\/\/alojamientosruralesjucar.com\/#\/schema\/logo\/image\/"}}]}},"_links":{"self":[{"href":"https:\/\/alojamientosruralesjucar.com\/index.php\/wp-json\/wp\/v2\/pages\/36"}],"collection":[{"href":"https:\/\/alojamientosruralesjucar.com\/index.php\/wp-json\/wp\/v2\/pages"}],"about":[{"href":"https:\/\/alojamientosruralesjucar.com\/index.php\/wp-json\/wp\/v2\/types\/page"}],"author":[{"embeddable":true,"href":"https:\/\/alojamientosruralesjucar.com\/index.php\/wp-json\/wp\/v2\/users\/2"}],"replies":[{"embeddable":true,"href":"https:\/\/alojamientosruralesjucar.com\/index.php\/wp-json\/wp\/v2\/comments?post=36"}],"version-history":[{"count":20,"href":"https:\/\/alojamientosruralesjucar.com\/index.php\/wp-json\/wp\/v2\/pages\/36\/revisions"}],"predecessor-version":[{"id":365,"href":"https:\/\/alojamientosruralesjucar.com\/index.php\/wp-json\/wp\/v2\/pages\/36\/revisions\/365"}],"wp:attachment":[{"href":"https:\/\/alojamientosruralesjucar.com\/index.php\/wp-json\/wp\/v2\/media?parent=36"}],"curies":[{"name":"wp","href":"https:\/\/api.w.org\/{rel}","templated":true}]}}