{"id":2,"date":"2021-09-21T17:47:46","date_gmt":"2021-09-21T17:47:46","guid":{"rendered":"https:\/\/alojamientosruralesjucar.com\/?page_id=2"},"modified":"2022-08-29T16:56:05","modified_gmt":"2022-08-29T14:56:05","slug":"inicio-casas-rurales","status":"publish","type":"page","link":"https:\/\/alojamientosruralesjucar.com\/","title":{"rendered":"Bienvenidos a nuestras Casas Rurales"},"content":{"rendered":"\t\t<div data-elementor-type=\"wp-page\" data-elementor-id=\"2\" class=\"elementor elementor-2\">\n\t\t\t\t\t\t<section class=\"elementor-section elementor-top-section elementor-element elementor-element-215bd30a elementor-section-boxed elementor-section-height-default elementor-section-height-default\" data-id=\"215bd30a\" data-element_type=\"section\">\n\t\t\t\t\t\t<div class=\"elementor-container elementor-column-gap-default\">\n\t\t\t\t\t<div class=\"elementor-column elementor-col-100 elementor-top-column elementor-element elementor-element-5ec183b8\" data-id=\"5ec183b8\" data-element_type=\"column\">\n\t\t\t<div class=\"elementor-widget-wrap elementor-element-populated\">\n\t\t\t\t\t\t\t<\/div>\n\t\t<\/div>\n\t\t\t\t\t<\/div>\n\t\t<\/section>\n\t\t\t\t<section class=\"elementor-section elementor-top-section elementor-element elementor-element-084e1d6 elementor-section-boxed elementor-section-height-default elementor-section-height-default\" data-id=\"084e1d6\" data-element_type=\"section\">\n\t\t\t\t\t\t<div class=\"elementor-container elementor-column-gap-default\">\n\t\t\t\t\t<div class=\"elementor-column elementor-col-100 elementor-top-column elementor-element elementor-element-bb84c35\" data-id=\"bb84c35\" data-element_type=\"column\">\n\t\t\t<div class=\"elementor-widget-wrap elementor-element-populated\">\n\t\t\t\t\t\t<div class=\"elementor-element elementor-element-776015c elementor-widget elementor-widget-text-editor\" data-id=\"776015c\" data-element_type=\"widget\" data-widget_type=\"text-editor.default\">\n\t\t\t\t<div class=\"elementor-widget-container\">\n\t\t\t<style>\/*! elementor - v3.23.0 - 05-08-2024 *\/\n.elementor-widget-text-editor.elementor-drop-cap-view-stacked .elementor-drop-cap{background-color:#69727d;color:#fff}.elementor-widget-text-editor.elementor-drop-cap-view-framed .elementor-drop-cap{color:#69727d;border:3px solid;background-color:transparent}.elementor-widget-text-editor:not(.elementor-drop-cap-view-default) .elementor-drop-cap{margin-top:8px}.elementor-widget-text-editor:not(.elementor-drop-cap-view-default) .elementor-drop-cap-letter{width:1em;height:1em}.elementor-widget-text-editor .elementor-drop-cap{float:left;text-align:center;line-height:1;font-size:50px}.elementor-widget-text-editor .elementor-drop-cap-letter{display:inline-block}<\/style>\t\t\t\t<p><strong>Casas Rurales El Rinc\u00f3n de La Gila<\/strong> son dos alojamientos contiguos de alquiler \u00edntegro a los que se accede por un mismo patio, por lo que se pueden alquilar juntos o de forma separada en funci\u00f3n de las necesidades de nuestros Clientes. Disponemos de una capacidad hasta 16 personas.<\/p><p>Se encuentran situadas en la Calle Ancha n\u00ba 5 de la Pedan\u00eda de La Gila, que pertenece a la Localidad de Alcal\u00e1 del J\u00facar (Albacete) de la que apenas nos separan 10 minutos en coche.<\/p><p>Por su situaci\u00f3n en medio del campo y junto al ca\u00f1\u00f3n del Rio J\u00facar en plena naturaleza, las hace ideales para deesconectar de la rutina, relajarse, descansar, caminar pos sus parajes, contemplar sus paisajes y disfrutar de su tranquilidad, pasando un fin de semana o sus vacaciones en familia o con amigos.<\/p><p>La carretera de acceso termina en la Pedan\u00eda, por lo que apenas hay circulaci\u00f3n de veh\u00edculos, lo que tambi\u00e9n las hace id\u00f3neas para venir con ni\u00f1os.<\/p><p>En nuestras casas pretendemos darles un servicio de alojamiento con todas la comodidades de su hogar, para que disfruten confortablemente de su estancia. Est\u00e1n pensadas para que no es falte de nada y que solo se preocupen de disfrutar al m\u00e1ximo de su estancia.<\/p><p>En su interior disponen de calefacci\u00f3n y aire acondicionado en todas sus habitaciones (instalado recientemente), ropa de cama, dos ba\u00f1os en cada casa, sal\u00f3n comedor climatizado, televisi\u00f3n, chimenea de le\u00f1a,\u00a0 juegos de mesa y cocina equipada con figor\u00edfico, encuera, horno, microondas, tostador, cafetera, exprimidor y menaje completo. En una de ella tamb\u00e9n disponemos de lavavajillas. Para estancias prolongadas se puede utilizar el cuarto de lavado con pila y lavadora.<\/p><p>En el patio de acceso hay barbacoas y mobiliario de\u00a0 exterior para cada casa. La le\u00f1a est\u00e1 incluida en el precio y se admiten mascotas, previo acuerdo al formalizar la reserva.<\/p><p>A tan solo 10 minutos en coche se encuentra Alcal\u00e1 del J\u00facar, principal n\u00facleo de poblaci\u00f3n de esta Localidad. Fue declarado Conjunto Hist\u00f3rico Art\u00edstico en 1.982. Se caracteriza por sus casas-cueva excavadas en la roca, algunas transformadas en establecimientos tur\u00edsticos. Merece la pena callejear visitando su Castillo del Siglo XV, la iglesia de San Andr\u00e9s, el puente de piedra que da acceso al casco viejo, tambi\u00e9n conocido como Puente Romano y la Plaza de Toros, \u00fanica en su estilo.<\/p><p>Adem\u00e1s se pueden degustar los platos t\u00edpicos de nuestra gastronom\u00eda en los numerosos establecimientos de restauracion existentes en la Localidad.<\/p><p>En Alcal\u00e1 tienen su punto de partida las cinco rutas de senderismo y cicloturismo marcadas por el Ayuntamiento y que pasan por todas sus pedan\u00edas, desde las que se pueden contemplar los distintos paisajes a lo largo del valle de r\u00edo J\u00facar. Las hay con diferentes longitudes y niveles de dificultad.<\/p><p>Para los amantes del turismo activo, en esta Localidad prestan sus servicios tres empresas con las que se pueden contratar diversas actividades como rafting, barranco acu\u00e1tico, piraguismo en aguas bravas y tranquilas, iniciaci\u00f3n a la escalada, espeleolog\u00eda y un largo etc\u00e9tera.<\/p><p>Tambi\u00e9n existen servicios de gu\u00edas para realizar visitas culturales que se pueden contratar con diversas empresas y con la Asociaci\u00f3n de Turismo Rural de La Manchuela, que tambi\u00e9n dispone de personal habilitado para ello.<\/p><p>Estaremos encantados de proporcionarles m\u00e1s informaci\u00f3n al respecto a su llegada.<\/p><p>Para que puedan planificar y disfrutar plenamente de su viaje, les ofrecemos nuestra App de Turismo \u00abEl Rinc\u00f3n de La Gila\u00bb. Contiene informaci\u00f3n de nuestras casas y su entorno, rutas guiadas por GPS, actividades e itinerarios especiales, propuestas gastron\u00f3micas, culturales y de ocio. La descarga y uso de la aplcaci\u00f3n son totalmente gratuitas y se pueden descargar directamente en sus dispositivos desde Play Store, Google Play o App Store.<\/p><p>Este establecimiento es Socio de la Asociaci\u00f3n de Turismo Rural de la Manchuela y est\u00e1 adherido\u00a0 a la Ruta del Vino de La Manchuela, de reciente creaci\u00f3n.<\/p><p>\u00a0<\/p><p>\u00a0<\/p>\t\t\t\t\t\t<\/div>\n\t\t\t\t<\/div>\n\t\t\t\t\t<\/div>\n\t\t<\/div>\n\t\t\t\t\t<\/div>\n\t\t<\/section>\n\t\t\t\t<section class=\"elementor-section elementor-top-section elementor-element elementor-element-1f7c2f5 elementor-section-boxed elementor-section-height-default elementor-section-height-default\" data-id=\"1f7c2f5\" data-element_type=\"section\">\n\t\t\t\t\t\t<div class=\"elementor-container elementor-column-gap-default\">\n\t\t\t\t\t<div class=\"elementor-column elementor-col-100 elementor-top-column elementor-element elementor-element-992de6c\" data-id=\"992de6c\" data-element_type=\"column\">\n\t\t\t<div class=\"elementor-widget-wrap elementor-element-populated\">\n\t\t\t\t\t\t<div class=\"elementor-element elementor-element-dd0fa7d elementor-widget elementor-widget-image\" data-id=\"dd0fa7d\" data-element_type=\"widget\" data-widget_type=\"image.default\">\n\t\t\t\t<div class=\"elementor-widget-container\">\n\t\t\t<style>\/*! elementor - v3.23.0 - 05-08-2024 *\/\n.elementor-widget-image{text-align:center}.elementor-widget-image a{display:inline-block}.elementor-widget-image a img[src$=\".svg\"]{width:48px}.elementor-widget-image img{vertical-align:middle;display:inline-block}<\/style>\t\t\t\t\t\t\t\t\t\t<img fetchpriority=\"high\" width=\"768\" height=\"543\" src=\"https:\/\/alojamientosruralesjucar.com\/wp-content\/uploads\/2022\/08\/Carteles-CLM-1-768x543.png\" class=\"attachment-medium_large size-medium_large wp-image-421\" alt=\"\" srcset=\"https:\/\/alojamientosruralesjucar.com\/wp-content\/uploads\/2022\/08\/Carteles-CLM-1-768x543.png 768w, https:\/\/alojamientosruralesjucar.com\/wp-content\/uploads\/2022\/08\/Carteles-CLM-1-300x212.png 300w, https:\/\/alojamientosruralesjucar.com\/wp-content\/uploads\/2022\/08\/Carteles-CLM-1-1024x725.png 1024w, https:\/\/alojamientosruralesjucar.com\/wp-content\/uploads\/2022\/08\/Carteles-CLM-1-1536x1087.png 1536w, https:\/\/alojamientosruralesjucar.com\/wp-content\/uploads\/2022\/08\/Carteles-CLM-1-1140x807.png 1140w, https:\/\/alojamientosruralesjucar.com\/wp-content\/uploads\/2022\/08\/Carteles-CLM-1.png 1683w\" sizes=\"(max-width: 768px) 100vw, 768px\" \/>\t\t\t\t\t\t\t\t\t\t\t\t\t<\/div>\n\t\t\t\t<\/div>\n\t\t\t\t\t<\/div>\n\t\t<\/div>\n\t\t\t\t\t<\/div>\n\t\t<\/section>\n\t\t\t\t<section class=\"elementor-section elementor-top-section elementor-element elementor-element-62414da elementor-section-boxed elementor-section-height-default elementor-section-height-default\" data-id=\"62414da\" data-element_type=\"section\">\n\t\t\t\t\t\t<div class=\"elementor-container elementor-column-gap-default\">\n\t\t\t\t\t<div class=\"elementor-column elementor-col-100 elementor-top-column elementor-element elementor-element-55a4549\" data-id=\"55a4549\" data-element_type=\"column\">\n\t\t\t<div class=\"elementor-widget-wrap elementor-element-populated\">\n\t\t\t\t\t\t<div class=\"elementor-element elementor-element-9cfe16d elementor-widget elementor-widget-text-editor\" data-id=\"9cfe16d\" data-element_type=\"widget\" data-widget_type=\"text-editor.default\">\n\t\t\t\t<div class=\"elementor-widget-container\">\n\t\t\t\t\t\t\t<p>Esta p\u00e1gina web, la App de Turismo y la instalacion de los aires acondicionados en todas las habitaciones y zonas comunes de nuestras Casas Rurales\u00a0 forman parte de un Proyecto financiado con las ayudas de apoyo a la modernizaci\u00f3n, innovaci\u00f3n e incremento de la competitividad del Sector Tur\u00edstico de Castilla-La Mancha como consecuencia de la crisis sanitaria ocasionada por el covid-19.<\/p><p>\u00a0<\/p>\t\t\t\t\t\t<\/div>\n\t\t\t\t<\/div>\n\t\t\t\t\t<\/div>\n\t\t<\/div>\n\t\t\t\t\t<\/div>\n\t\t<\/section>\n\t\t\t\t<\/div>\n\t\t","protected":false},"excerpt":{"rendered":"<p>Casas Rurales El Rinc\u00f3n de La Gila son dos alojamientos contiguos de alquiler \u00edntegro a los que se accede por un mismo patio, por lo que se pueden alquilar juntos o de forma separada en funci\u00f3n de las necesidades de nuestros Clientes. Disponemos de una capacidad hasta 16 personas. Se encuentran situadas en la Calle Ancha n\u00ba 5 de la Pedan\u00eda de La Gila, que pertenece a la Localidad de Alcal\u00e1 del J\u00facar (Albacete) de la que apenas nos separan 10 minutos en coche. Por su situaci\u00f3n en medio del campo y junto al ca\u00f1\u00f3n del Rio J\u00facar en plena naturaleza, las hace ideales para deesconectar de la rutina, relajarse, descansar, caminar pos sus parajes, contemplar sus paisajes y disfrutar de su tranquilidad, pasando un fin de semana o sus vacaciones en familia o con amigos. La carretera de acceso termina en la Pedan\u00eda, por lo que apenas hay circulaci\u00f3n de veh\u00edculos, lo que tambi\u00e9n las hace id\u00f3neas para venir con ni\u00f1os. En nuestras casas pretendemos darles un servicio de alojamiento con todas la comodidades de su hogar, para que disfruten confortablemente de su estancia. Est\u00e1n pensadas para que no es falte de nada y que solo se preocupen de disfrutar al m\u00e1ximo de su estancia. En su interior disponen de calefacci\u00f3n y aire acondicionado en todas sus habitaciones (instalado recientemente), ropa de cama, dos ba\u00f1os en cada casa, sal\u00f3n comedor climatizado, televisi\u00f3n, chimenea de le\u00f1a,\u00a0 juegos de mesa y cocina equipada con figor\u00edfico, encuera, horno, microondas, tostador, cafetera, exprimidor y menaje completo. En una de ella tamb\u00e9n disponemos de lavavajillas. Para estancias prolongadas se puede utilizar el cuarto de lavado con pila y lavadora. En el patio de acceso hay barbacoas y mobiliario de\u00a0 exterior para cada casa. La le\u00f1a est\u00e1 incluida en el precio y se admiten mascotas, previo acuerdo al formalizar la reserva. A tan solo 10 minutos en coche se encuentra Alcal\u00e1 del J\u00facar, principal n\u00facleo de poblaci\u00f3n de esta Localidad. Fue declarado Conjunto Hist\u00f3rico Art\u00edstico en 1.982. Se caracteriza por sus casas-cueva excavadas en la roca, algunas transformadas en establecimientos tur\u00edsticos. Merece la pena callejear visitando su Castillo del Siglo XV, la iglesia de San Andr\u00e9s, el puente de piedra que da acceso al casco viejo, tambi\u00e9n conocido como Puente Romano y la Plaza de Toros, \u00fanica en su estilo. Adem\u00e1s se pueden degustar los platos t\u00edpicos de nuestra gastronom\u00eda en los numerosos establecimientos de restauracion existentes en la Localidad. En Alcal\u00e1 tienen su punto de partida las cinco rutas de senderismo y cicloturismo marcadas por el Ayuntamiento y que pasan por todas sus pedan\u00edas, desde las que se pueden contemplar los distintos paisajes a lo largo del valle de r\u00edo J\u00facar. Las hay con diferentes longitudes y niveles de dificultad. Para los amantes del turismo activo, en esta Localidad prestan sus servicios tres empresas con las que se pueden contratar diversas actividades como rafting, barranco acu\u00e1tico, piraguismo en aguas bravas y tranquilas, iniciaci\u00f3n a la escalada, espeleolog\u00eda y un largo etc\u00e9tera. Tambi\u00e9n existen servicios de gu\u00edas para realizar visitas culturales que se pueden contratar con diversas empresas y con la Asociaci\u00f3n de Turismo Rural de La Manchuela, que tambi\u00e9n dispone de personal habilitado para ello. Estaremos encantados de proporcionarles m\u00e1s informaci\u00f3n al respecto a su llegada. Para que puedan planificar y disfrutar plenamente de su viaje, les ofrecemos nuestra App de Turismo \u00abEl Rinc\u00f3n de La Gila\u00bb. Contiene informaci\u00f3n de nuestras casas y su entorno, rutas guiadas por GPS, actividades e itinerarios especiales, propuestas gastron\u00f3micas, culturales y de ocio. La descarga y uso de la aplcaci\u00f3n son totalmente gratuitas y se pueden descargar directamente en sus dispositivos desde Play Store, Google Play o App Store. Este establecimiento es Socio de la Asociaci\u00f3n de Turismo Rural de la Manchuela y est\u00e1 adherido\u00a0 a la Ruta del Vino de La Manchuela, de reciente creaci\u00f3n. \u00a0 \u00a0 Esta p\u00e1gina web, la App de Turismo y la instalacion de los aires acondicionados en todas las habitaciones y zonas comunes de nuestras Casas Rurales\u00a0 forman parte de un Proyecto financiado con las ayudas de apoyo a la modernizaci\u00f3n, innovaci\u00f3n e incremento de la competitividad del Sector Tur\u00edstico de Castilla-La Mancha como consecuencia de la crisis sanitaria ocasionada por el covid-19. \u00a0<\/p>\n","protected":false},"author":2,"featured_media":94,"parent":0,"menu_order":0,"comment_status":"closed","ping_status":"open","template":"","meta":[],"yoast_head":"<!-- This site is optimized with the Yoast SEO plugin v20.6 - https:\/\/yoast.com\/wordpress\/plugins\/seo\/ -->\n<title>Bienvenidos a nuestras Casas Rurales - Alojamientos Rurales Jucar<\/title>\n<meta name=\"description\" content=\"Casas Rurales El Rinc\u00f3n de La Gila son dos alojamientos equipados con todo lo necesario, que podemos alquilarlos juntos o por separado, dependiendo de vuestras necesidades.\" \/>\n<meta name=\"robots\" content=\"index, follow, max-snippet:-1, max-image-preview:large, max-video-preview:-1\" \/>\n<link rel=\"canonical\" href=\"https:\/\/alojamientosruralesjucar.com\/\" \/>\n<meta property=\"og:locale\" content=\"es_ES\" \/>\n<meta property=\"og:type\" content=\"article\" \/>\n<meta property=\"og:title\" content=\"Bienvenidos a nuestras Casas Rurales - Alojamientos Rurales Jucar\" \/>\n<meta property=\"og:description\" content=\"Casas Rurales El Rinc\u00f3n de La Gila son dos alojamientos equipados con todo lo necesario, que podemos alquilarlos juntos o por separado, dependiendo de vuestras necesidades.\" \/>\n<meta property=\"og:url\" content=\"https:\/\/alojamientosruralesjucar.com\/\" \/>\n<meta property=\"og:site_name\" content=\"Alojamientos Rurales Jucar\" \/>\n<meta property=\"article:modified_time\" content=\"2022-08-29T14:56:05+00:00\" \/>\n<meta property=\"og:image\" content=\"https:\/\/alojamientosruralesjucar.com\/wp-content\/uploads\/2021\/12\/puente-romano-1.jpg\" \/>\n\t<meta property=\"og:image:width\" content=\"639\" \/>\n\t<meta property=\"og:image:height\" content=\"470\" \/>\n\t<meta property=\"og:image:type\" content=\"image\/jpeg\" \/>\n<meta name=\"twitter:card\" content=\"summary_large_image\" \/>\n<meta name=\"twitter:label1\" content=\"Tiempo de lectura\" \/>\n\t<meta name=\"twitter:data1\" content=\"4 minutos\" \/>\n<script type=\"application\/ld+json\" class=\"yoast-schema-graph\">{\"@context\":\"https:\/\/schema.org\",\"@graph\":[{\"@type\":\"WebPage\",\"@id\":\"https:\/\/alojamientosruralesjucar.com\/\",\"url\":\"https:\/\/alojamientosruralesjucar.com\/\",\"name\":\"Bienvenidos a nuestras Casas Rurales - Alojamientos Rurales Jucar\",\"isPartOf\":{\"@id\":\"https:\/\/alojamientosruralesjucar.com\/#website\"},\"datePublished\":\"2021-09-21T17:47:46+00:00\",\"dateModified\":\"2022-08-29T14:56:05+00:00\",\"description\":\"Casas Rurales El Rinc\u00f3n de La Gila son dos alojamientos equipados con todo lo necesario, que podemos alquilarlos juntos o por separado, dependiendo de vuestras necesidades.\",\"breadcrumb\":{\"@id\":\"https:\/\/alojamientosruralesjucar.com\/#breadcrumb\"},\"inLanguage\":\"es\",\"potentialAction\":[{\"@type\":\"ReadAction\",\"target\":[\"https:\/\/alojamientosruralesjucar.com\/\"]}]},{\"@type\":\"BreadcrumbList\",\"@id\":\"https:\/\/alojamientosruralesjucar.com\/#breadcrumb\",\"itemListElement\":[{\"@type\":\"ListItem\",\"position\":1,\"name\":\"Portada\",\"item\":\"https:\/\/alojamientosruralesjucar.com\/\"},{\"@type\":\"ListItem\",\"position\":2,\"name\":\"Bienvenidos a nuestras Casas Rurales\"}]},{\"@type\":\"WebSite\",\"@id\":\"https:\/\/alojamientosruralesjucar.com\/#website\",\"url\":\"https:\/\/alojamientosruralesjucar.com\/\",\"name\":\"Alojamientos Rurales Jucar\",\"description\":\"Casas rurales en Alcal\u00e1 del J\u00facar\",\"publisher\":{\"@id\":\"https:\/\/alojamientosruralesjucar.com\/#organization\"},\"potentialAction\":[{\"@type\":\"SearchAction\",\"target\":{\"@type\":\"EntryPoint\",\"urlTemplate\":\"https:\/\/alojamientosruralesjucar.com\/?s={search_term_string}\"},\"query-input\":\"required name=search_term_string\"}],\"inLanguage\":\"es\"},{\"@type\":\"Organization\",\"@id\":\"https:\/\/alojamientosruralesjucar.com\/#organization\",\"name\":\"Alojamientos Rurales Jucar\",\"url\":\"https:\/\/alojamientosruralesjucar.com\/\",\"logo\":{\"@type\":\"ImageObject\",\"inLanguage\":\"es\",\"@id\":\"https:\/\/alojamientosruralesjucar.com\/#\/schema\/logo\/image\/\",\"url\":\"https:\/\/alojamientosruralesjucar.com\/wp-content\/uploads\/2021\/11\/cropped-logo-cabecera.png\",\"contentUrl\":\"https:\/\/alojamientosruralesjucar.com\/wp-content\/uploads\/2021\/11\/cropped-logo-cabecera.png\",\"width\":800,\"height\":235,\"caption\":\"Alojamientos Rurales Jucar\"},\"image\":{\"@id\":\"https:\/\/alojamientosruralesjucar.com\/#\/schema\/logo\/image\/\"}}]}<\/script>\n<!-- \/ Yoast SEO plugin. -->","yoast_head_json":{"title":"Bienvenidos a nuestras Casas Rurales - Alojamientos Rurales Jucar","description":"Casas Rurales El Rinc\u00f3n de La Gila son dos alojamientos equipados con todo lo necesario, que podemos alquilarlos juntos o por separado, dependiendo de vuestras necesidades.","robots":{"index":"index","follow":"follow","max-snippet":"max-snippet:-1","max-image-preview":"max-image-preview:large","max-video-preview":"max-video-preview:-1"},"canonical":"https:\/\/alojamientosruralesjucar.com\/","og_locale":"es_ES","og_type":"article","og_title":"Bienvenidos a nuestras Casas Rurales - Alojamientos Rurales Jucar","og_description":"Casas Rurales El Rinc\u00f3n de La Gila son dos alojamientos equipados con todo lo necesario, que podemos alquilarlos juntos o por separado, dependiendo de vuestras necesidades.","og_url":"https:\/\/alojamientosruralesjucar.com\/","og_site_name":"Alojamientos Rurales Jucar","article_modified_time":"2022-08-29T14:56:05+00:00","og_image":[{"width":639,"height":470,"url":"https:\/\/alojamientosruralesjucar.com\/wp-content\/uploads\/2021\/12\/puente-romano-1.jpg","type":"image\/jpeg"}],"twitter_card":"summary_large_image","twitter_misc":{"Tiempo de lectura":"4 minutos"},"schema":{"@context":"https:\/\/schema.org","@graph":[{"@type":"WebPage","@id":"https:\/\/alojamientosruralesjucar.com\/","url":"https:\/\/alojamientosruralesjucar.com\/","name":"Bienvenidos a nuestras Casas Rurales - Alojamientos Rurales Jucar","isPartOf":{"@id":"https:\/\/alojamientosruralesjucar.com\/#website"},"datePublished":"2021-09-21T17:47:46+00:00","dateModified":"2022-08-29T14:56:05+00:00","description":"Casas Rurales El Rinc\u00f3n de La Gila son dos alojamientos equipados con todo lo necesario, que podemos alquilarlos juntos o por separado, dependiendo de vuestras necesidades.","breadcrumb":{"@id":"https:\/\/alojamientosruralesjucar.com\/#breadcrumb"},"inLanguage":"es","potentialAction":[{"@type":"ReadAction","target":["https:\/\/alojamientosruralesjucar.com\/"]}]},{"@type":"BreadcrumbList","@id":"https:\/\/alojamientosruralesjucar.com\/#breadcrumb","itemListElement":[{"@type":"ListItem","position":1,"name":"Portada","item":"https:\/\/alojamientosruralesjucar.com\/"},{"@type":"ListItem","position":2,"name":"Bienvenidos a nuestras Casas Rurales"}]},{"@type":"WebSite","@id":"https:\/\/alojamientosruralesjucar.com\/#website","url":"https:\/\/alojamientosruralesjucar.com\/","name":"Alojamientos Rurales Jucar","description":"Casas rurales en Alcal\u00e1 del J\u00facar","publisher":{"@id":"https:\/\/alojamientosruralesjucar.com\/#organization"},"potentialAction":[{"@type":"SearchAction","target":{"@type":"EntryPoint","urlTemplate":"https:\/\/alojamientosruralesjucar.com\/?s={search_term_string}"},"query-input":"required name=search_term_string"}],"inLanguage":"es"},{"@type":"Organization","@id":"https:\/\/alojamientosruralesjucar.com\/#organization","name":"Alojamientos Rurales Jucar","url":"https:\/\/alojamientosruralesjucar.com\/","logo":{"@type":"ImageObject","inLanguage":"es","@id":"https:\/\/alojamientosruralesjucar.com\/#\/schema\/logo\/image\/","url":"https:\/\/alojamientosruralesjucar.com\/wp-content\/uploads\/2021\/11\/cropped-logo-cabecera.png","contentUrl":"https:\/\/alojamientosruralesjucar.com\/wp-content\/uploads\/2021\/11\/cropped-logo-cabecera.png","width":800,"height":235,"caption":"Alojamientos Rurales Jucar"},"image":{"@id":"https:\/\/alojamientosruralesjucar.com\/#\/schema\/logo\/image\/"}}]}},"_links":{"self":[{"href":"https:\/\/alojamientosruralesjucar.com\/index.php\/wp-json\/wp\/v2\/pages\/2"}],"collection":[{"href":"https:\/\/alojamientosruralesjucar.com\/index.php\/wp-json\/wp\/v2\/pages"}],"about":[{"href":"https:\/\/alojamientosruralesjucar.com\/index.php\/wp-json\/wp\/v2\/types\/page"}],"author":[{"embeddable":true,"href":"https:\/\/alojamientosruralesjucar.com\/index.php\/wp-json\/wp\/v2\/users\/2"}],"replies":[{"embeddable":true,"href":"https:\/\/alojamientosruralesjucar.com\/index.php\/wp-json\/wp\/v2\/comments?post=2"}],"version-history":[{"count":55,"href":"https:\/\/alojamientosruralesjucar.com\/index.php\/wp-json\/wp\/v2\/pages\/2\/revisions"}],"predecessor-version":[{"id":429,"href":"https:\/\/alojamientosruralesjucar.com\/index.php\/wp-json\/wp\/v2\/pages\/2\/revisions\/429"}],"wp:featuredmedia":[{"embeddable":true,"href":"https:\/\/alojamientosruralesjucar.com\/index.php\/wp-json\/wp\/v2\/media\/94"}],"wp:attachment":[{"href":"https:\/\/alojamientosruralesjucar.com\/index.php\/wp-json\/wp\/v2\/media?parent=2"}],"curies":[{"name":"wp","href":"https:\/\/api.w.org\/{rel}","templated":true}]}}